{"id":36,"date":"2019-10-02T15:46:21","date_gmt":"2019-10-02T15:46:21","guid":{"rendered":"http:\/\/127.0.0.1\/wordpress\/?page_id=36"},"modified":"2023-05-19T10:35:13","modified_gmt":"2023-05-19T08:35:13","slug":"oferta","status":"publish","type":"page","link":"https:\/\/laboratoryofeducation.eu\/index.php\/oferta\/","title":{"rendered":"Oferta"},"content":{"rendered":"<p><\/p>\n<p><\/p>\n<p><\/p>\n<table style=\"border-color: #FFFFFF\">\n<tbody>\n<tr style=\"border-color: #FFFFFF\">\n<td style=\"border-color: #FFFFFF\">\n<p style=\"text-align: left\"><strong>Rodzicu, Twoje dorastaj\u0105ce dziecko:<\/strong><\/p>\n<\/td>\n<td style=\"border-color: #FFFFFF; width:50%\">\n<p style=\"text-align: left\"><strong>Licealisto, wszystko jedno czy:<\/strong><\/p>\n<\/td>\n<\/tr>\n<tr style=\"border-color: #FFFFFF\">\n<td style=\"border-color: #FFFFFF; width:50%\">\n<p style=\"text-align: left\">\u2013 jest zdolne,<br>  lubi przedmioty przyrodnicze, ci\u0105gle pyta, a to nie Twoja dzia\u0142ka i czujesz<br>  si\u0119 zm\u0119czony szukaniem odpowiedzi na coraz trudniejsze pytania?<br>  \u2013 jest dla<br>  Ciebie najwa\u017cniejsze, a jego osi\u0105gni\u0119cia maj\u0105 dla Ciebie znaczenie, za\u015b<br>  chemia to dla Ciebie zawsze by\u0142 trudny przedmiot, wi\u0119c wolisz dmucha\u0107 na<br>  zimne?<br>  \u2013 ju\u017c<br>  sygnalizuje, \u017ce nic nie rozumie, \u201echemia jest g\u0142upia, a nauczycielka to \u2026\u201d?<br>  \u2013 korzysta<br>  z dobrodziejstw nauczania domowego i dotarli\u015bcie do \u015bciany, bo nie wszystko z<br>  chemii tak \u0142atwo zrozumie\u0107?<br>  \u2013<br>  zwyczajnie potrzebuje pomocy, bo troch\u0119 chorowa\u0142o i trzeba nadrobi\u0107<br>  zaleg\u0142o\u015bci?<br>  \u2013 ma przed<br>  sob\u0105 egzamin po \u00f3smej klasie i chcesz by si\u0119 dobrze przygotowa\u0142o?<br><br>  Powody dla<br>  kt\u00f3rych szukasz nauczyciela chemii s\u0105 wa\u017cne. Nie bez znaczenia jest te\u017c wyb\u00f3r<br>  osoby, kt\u00f3ra uczy. Dla mnie chemia to pasja i nauka bliska \u017cycia. Na<br>  t\u0142umaczeniu jej zawi\u0142o\u015bci troch\u0119 si\u0119 znam, a mo\u017ce nawet nie troch\u0119 \u2026 a wr\u0119cz<br>  bardzo dobrze!<br>  Pracowa\u0142am<br>  jako nauczyciel w szkole, pracowa\u0142am i pracuj\u0119 jako redaktor materia\u0142\u00f3w<br>  dydaktycznych do chemii na wszystkich poziomach nauczania.<\/p>\n<\/td>\n<td style=\"border-color: #FFFFFF\">\n<p style=\"text-align: left\">\u2013 marzysz<br>  o medycynie, biotechnologii, czy innych kierunkach politechnicznych, na maturze b\u0119dziesz zdawa\u0107 chemi\u0119 i<br>  szukasz kogo\u015b, kto pokieruje Twoimi przygotowaniami<br>  \u2013 masz<br>  braki i nie wiesz jak je uzupe\u0142ni\u0107, a trudno\u015bci zaczynaj\u0105 si\u0119 pi\u0119trzy\u0107<br>  \u2013 by\u0142e\u015b<br>  chory, a materia\u0142 trzeba zaliczy\u0107<br>  \u2013 chemia<br>  to nigdy nie by\u0142a Twoja bajka, ale g\u0142upio sko\u0144czy\u0107 z dw\u00f3j\u0105 na maturalnym<br>  \u015bwiadectwie<br>  \u2013<br>  przygotowujesz si\u0119 do matury mi\u0119dzynarodowej i<br>  b\u0119dziesz chemi\u0119 zdawa\u0107 po angielsku<br><br>  Mog\u0119 Ci pom\u00f3c. Nie jestem typowym nauczycielem, kt\u00f3ry co rano wstaje<br>  i idzie do szko\u0142y, a potem zm\u0119czony dorabia korepetycjami do pensji. Te<br>  indywidualne zaj\u0119cia (mog\u0105 by\u0107 te\u017c grupowe, ale nie b\u0119d\u0119 uczy\u0107 grup wi\u0119kszych<br>  ni\u017c 5 os\u00f3b \u2013 to sobie zastrzegam) s\u0105 dla mnie miejscem na wymian\u0119 wiedzy,<br>  pogl\u0105d\u00f3w i nauk\u0119 niezb\u0119dnych umiej\u0119tno\u015bci. Lubi\u0119 je, bo te\u017c si\u0119 ucz\u0119.<br>  Oczywi\u015bcie skupiam si\u0119 na uczeniu chemii, to ni\u0105 si\u0119 fascynuj\u0119. Warunki<br>  wsp\u00f3\u0142pracy ustalamy wsp\u00f3lnie. Czy jestem na bie\u017c\u0105co z tym co masz umie\u0107?<br>  Jestem. By\u0107 mo\u017ce to w\u0142a\u015bnie ja przygotowywa\u0142am materia\u0142y dydaktyczne, takie<br>  jak Tw\u00f3j podr\u0119cznik, zbi\u00f3r zada\u0144, karty pracy jakie otrzyma\u0142a\u015b(e\u015b) od<br>  nauczyciela na lekcji. Jestem jedn\u0105 z tych os\u00f3b, kt\u00f3ra je pisze, czyta i<br>  redaguje zanim trafi\u0105 do szk\u00f3\u0142. <\/p>\n<p>  &nbsp;\n  <\/p>\n<\/td>\n<\/tr>\n<\/tbody>\n<\/table>\n<p><\/p>\n<p><\/p>\n<p><strong>Cennik:<\/strong><\/p>\n<p><\/p>\n<p><\/p>\n<figure>\n<table>\n<tbody>\n<tr>\n<td>\n  Czas zaj\u0119\u0107\n  <\/td>\n<td>\n  Liczba os\u00f3b\n  <\/td>\n<td>   Koszt<\/td>\n<\/tr>\n<tr>\n<td>\n  60 min\n  <\/td>\n<td>\n  1\n  <\/td>\n<td>90 PLN*\/Os.<\/td>\n<\/tr>\n<tr>\n<td>\n  60 min\n  <\/td>\n<td>\n  2 lub 3\n  <\/td>\n<td>  115 PLN\/Gr. <\/td>\n<\/tr>\n<tr>\n<td>\n  90 min\n  <\/td>\n<td>\n  1\n  <\/td>\n<td>   135 PLN*\/Os.<\/td>\n<\/tr>\n<tr>\n<td>\n  90 min\n  <\/td>\n<td>\n  2 lub 3\n  <\/td>\n<td>   150 PLN\/Gr.<\/td>\n<\/tr>\n<\/tbody>\n<\/table>\n<\/figure>\n<p><\/p>\n<p><\/p>\n<p>* za min. 5 lekcji z g\u00f3ry, je\u015bli p\u0142atne co lekcj\u0119 100 z\u0142 za 60 min\/ 150 z\u0142 za 90 min<\/p>\n<p><\/p>\n<p><\/p>\n<p>Grupy zg\u0142aszaj\u0105 si\u0119 same, nie zbieram zapis\u00f3w do grup. Ka\u017cda grupa ma swoje wymagania.  Najwygodniej jest, gdy uczniowie s\u0105 z jednej klasy lub szko\u0142y.  <\/p>\n<p><\/p>\n<p><\/p>\n<p>Zaj\u0119cia odbywaj\u0105 si\u0119 przez internet lub w siedzibie firmy.(Gdynia Wielki Kack)<\/p>\n<p><\/p>","protected":false},"excerpt":{"rendered":"<p>Rodzicu, Twoje dorastaj\u0105ce dziecko: Licealisto, wszystko jedno czy: \u2013 jest zdolne, lubi przedmioty przyrodnicze, ci\u0105gle pyta, a to nie Twoja dzia\u0142ka i czujesz si\u0119 zm\u0119czony szukaniem odpowiedzi na coraz trudniejsze pytania? \u2013 jest dla Ciebie najwa\u017cniejsze, a jego osi\u0105gni\u0119cia maj\u0105 dla Ciebie znaczenie, za\u015b chemia to dla Ciebie zawsze by\u0142 trudny przedmiot, wi\u0119c wolisz dmucha\u0107<span class=\"post-excerpt-end\">&hellip;<\/span><\/p>\n<p class=\"more-link\"><a href=\"https:\/\/laboratoryofeducation.eu\/index.php\/oferta\/\" class=\"themebutton\">Read More<\/a><\/p>\n","protected":false},"author":1,"featured_media":0,"parent":0,"menu_order":2,"comment_status":"closed","ping_status":"closed","template":"","meta":[],"yoast_head":"<!-- This site is optimized with the Yoast SEO plugin v19.1 - https:\/\/yoast.com\/wordpress\/plugins\/seo\/ -->\n<title>Oferta - Laboratory of education<\/title>\n<meta name=\"robots\" content=\"index, follow, max-snippet:-1, max-image-preview:large, max-video-preview:-1\" \/>\n<link rel=\"canonical\" href=\"https:\/\/laboratoryofeducation.eu\/index.php\/oferta\/\" \/>\n<meta property=\"og:locale\" content=\"pl_PL\" \/>\n<meta property=\"og:type\" content=\"article\" \/>\n<meta property=\"og:title\" content=\"Oferta - Laboratory of education\" \/>\n<meta property=\"og:description\" content=\"Rodzicu, Twoje dorastaj\u0105ce dziecko: Licealisto, wszystko jedno czy: \u2013 jest zdolne, lubi przedmioty przyrodnicze, ci\u0105gle pyta, a to nie Twoja dzia\u0142ka i czujesz si\u0119 zm\u0119czony szukaniem odpowiedzi na coraz trudniejsze pytania? \u2013 jest dla Ciebie najwa\u017cniejsze, a jego osi\u0105gni\u0119cia maj\u0105 dla Ciebie znaczenie, za\u015b chemia to dla Ciebie zawsze by\u0142 trudny przedmiot, wi\u0119c wolisz dmucha\u0107&hellip;Read More\" \/>\n<meta property=\"og:url\" content=\"https:\/\/laboratoryofeducation.eu\/index.php\/oferta\/\" \/>\n<meta property=\"og:site_name\" content=\"Laboratory of education\" \/>\n<meta property=\"article:publisher\" content=\"https:\/\/www.facebook.com\/Laboratory.of.education\/\" \/>\n<meta property=\"article:modified_time\" content=\"2023-05-19T08:35:13+00:00\" \/>\n<meta name=\"twitter:card\" content=\"summary_large_image\" \/>\n<meta name=\"twitter:label1\" content=\"Szacowany czas czytania\" \/>\n\t<meta name=\"twitter:data1\" content=\"3 minuty\" \/>\n<script type=\"application\/ld+json\" class=\"yoast-schema-graph\">{\"@context\":\"https:\/\/schema.org\",\"@graph\":[{\"@type\":\"Organization\",\"@id\":\"https:\/\/laboratoryofeducation.eu\/#organization\",\"name\":\"Laboratory of education\",\"url\":\"https:\/\/laboratoryofeducation.eu\/\",\"sameAs\":[\"https:\/\/www.facebook.com\/Laboratory.of.education\/\"],\"logo\":{\"@type\":\"ImageObject\",\"inLanguage\":\"pl-PL\",\"@id\":\"https:\/\/laboratoryofeducation.eu\/#\/schema\/logo\/image\/\",\"url\":\"https:\/\/laboratoryofeducation.eu\/wp-content\/uploads\/2019\/10\/Logov2j.jpg\",\"contentUrl\":\"https:\/\/laboratoryofeducation.eu\/wp-content\/uploads\/2019\/10\/Logov2j.jpg\",\"width\":1256,\"height\":576,\"caption\":\"Laboratory of education\"},\"image\":{\"@id\":\"https:\/\/laboratoryofeducation.eu\/#\/schema\/logo\/image\/\"}},{\"@type\":\"WebSite\",\"@id\":\"https:\/\/laboratoryofeducation.eu\/#website\",\"url\":\"https:\/\/laboratoryofeducation.eu\/\",\"name\":\"Laboratory of education\",\"description\":\"Twoje ulubione zaj\u0119cia z chemii.\",\"publisher\":{\"@id\":\"https:\/\/laboratoryofeducation.eu\/#organization\"},\"potentialAction\":[{\"@type\":\"SearchAction\",\"target\":{\"@type\":\"EntryPoint\",\"urlTemplate\":\"https:\/\/laboratoryofeducation.eu\/?s={search_term_string}\"},\"query-input\":\"required name=search_term_string\"}],\"inLanguage\":\"pl-PL\"},{\"@type\":\"WebPage\",\"@id\":\"https:\/\/laboratoryofeducation.eu\/index.php\/oferta\/#webpage\",\"url\":\"https:\/\/laboratoryofeducation.eu\/index.php\/oferta\/\",\"name\":\"Oferta - Laboratory of education\",\"isPartOf\":{\"@id\":\"https:\/\/laboratoryofeducation.eu\/#website\"},\"datePublished\":\"2019-10-02T15:46:21+00:00\",\"dateModified\":\"2023-05-19T08:35:13+00:00\",\"breadcrumb\":{\"@id\":\"https:\/\/laboratoryofeducation.eu\/index.php\/oferta\/#breadcrumb\"},\"inLanguage\":\"pl-PL\",\"potentialAction\":[{\"@type\":\"ReadAction\",\"target\":[\"https:\/\/laboratoryofeducation.eu\/index.php\/oferta\/\"]}]},{\"@type\":\"BreadcrumbList\",\"@id\":\"https:\/\/laboratoryofeducation.eu\/index.php\/oferta\/#breadcrumb\",\"itemListElement\":[{\"@type\":\"ListItem\",\"position\":1,\"name\":\"Strona g\u0142\u00f3wna\",\"item\":\"https:\/\/laboratoryofeducation.eu\/\"},{\"@type\":\"ListItem\",\"position\":2,\"name\":\"Oferta\"}]}]}<\/script>\n<!-- \/ Yoast SEO plugin. -->","yoast_head_json":{"title":"Oferta - Laboratory of education","robots":{"index":"index","follow":"follow","max-snippet":"max-snippet:-1","max-image-preview":"max-image-preview:large","max-video-preview":"max-video-preview:-1"},"canonical":"https:\/\/laboratoryofeducation.eu\/index.php\/oferta\/","og_locale":"pl_PL","og_type":"article","og_title":"Oferta - Laboratory of education","og_description":"Rodzicu, Twoje dorastaj\u0105ce dziecko: Licealisto, wszystko jedno czy: \u2013 jest zdolne, lubi przedmioty przyrodnicze, ci\u0105gle pyta, a to nie Twoja dzia\u0142ka i czujesz si\u0119 zm\u0119czony szukaniem odpowiedzi na coraz trudniejsze pytania? \u2013 jest dla Ciebie najwa\u017cniejsze, a jego osi\u0105gni\u0119cia maj\u0105 dla Ciebie znaczenie, za\u015b chemia to dla Ciebie zawsze by\u0142 trudny przedmiot, wi\u0119c wolisz dmucha\u0107&hellip;Read More","og_url":"https:\/\/laboratoryofeducation.eu\/index.php\/oferta\/","og_site_name":"Laboratory of education","article_publisher":"https:\/\/www.facebook.com\/Laboratory.of.education\/","article_modified_time":"2023-05-19T08:35:13+00:00","twitter_card":"summary_large_image","twitter_misc":{"Szacowany czas czytania":"3 minuty"},"schema":{"@context":"https:\/\/schema.org","@graph":[{"@type":"Organization","@id":"https:\/\/laboratoryofeducation.eu\/#organization","name":"Laboratory of education","url":"https:\/\/laboratoryofeducation.eu\/","sameAs":["https:\/\/www.facebook.com\/Laboratory.of.education\/"],"logo":{"@type":"ImageObject","inLanguage":"pl-PL","@id":"https:\/\/laboratoryofeducation.eu\/#\/schema\/logo\/image\/","url":"https:\/\/laboratoryofeducation.eu\/wp-content\/uploads\/2019\/10\/Logov2j.jpg","contentUrl":"https:\/\/laboratoryofeducation.eu\/wp-content\/uploads\/2019\/10\/Logov2j.jpg","width":1256,"height":576,"caption":"Laboratory of education"},"image":{"@id":"https:\/\/laboratoryofeducation.eu\/#\/schema\/logo\/image\/"}},{"@type":"WebSite","@id":"https:\/\/laboratoryofeducation.eu\/#website","url":"https:\/\/laboratoryofeducation.eu\/","name":"Laboratory of education","description":"Twoje ulubione zaj\u0119cia z chemii.","publisher":{"@id":"https:\/\/laboratoryofeducation.eu\/#organization"},"potentialAction":[{"@type":"SearchAction","target":{"@type":"EntryPoint","urlTemplate":"https:\/\/laboratoryofeducation.eu\/?s={search_term_string}"},"query-input":"required name=search_term_string"}],"inLanguage":"pl-PL"},{"@type":"WebPage","@id":"https:\/\/laboratoryofeducation.eu\/index.php\/oferta\/#webpage","url":"https:\/\/laboratoryofeducation.eu\/index.php\/oferta\/","name":"Oferta - Laboratory of education","isPartOf":{"@id":"https:\/\/laboratoryofeducation.eu\/#website"},"datePublished":"2019-10-02T15:46:21+00:00","dateModified":"2023-05-19T08:35:13+00:00","breadcrumb":{"@id":"https:\/\/laboratoryofeducation.eu\/index.php\/oferta\/#breadcrumb"},"inLanguage":"pl-PL","potentialAction":[{"@type":"ReadAction","target":["https:\/\/laboratoryofeducation.eu\/index.php\/oferta\/"]}]},{"@type":"BreadcrumbList","@id":"https:\/\/laboratoryofeducation.eu\/index.php\/oferta\/#breadcrumb","itemListElement":[{"@type":"ListItem","position":1,"name":"Strona g\u0142\u00f3wna","item":"https:\/\/laboratoryofeducation.eu\/"},{"@type":"ListItem","position":2,"name":"Oferta"}]}]}},"_links":{"self":[{"href":"https:\/\/laboratoryofeducation.eu\/index.php\/wp-json\/wp\/v2\/pages\/36"}],"collection":[{"href":"https:\/\/laboratoryofeducation.eu\/index.php\/wp-json\/wp\/v2\/pages"}],"about":[{"href":"https:\/\/laboratoryofeducation.eu\/index.php\/wp-json\/wp\/v2\/types\/page"}],"author":[{"embeddable":true,"href":"https:\/\/laboratoryofeducation.eu\/index.php\/wp-json\/wp\/v2\/users\/1"}],"replies":[{"embeddable":true,"href":"https:\/\/laboratoryofeducation.eu\/index.php\/wp-json\/wp\/v2\/comments?post=36"}],"version-history":[{"count":9,"href":"https:\/\/laboratoryofeducation.eu\/index.php\/wp-json\/wp\/v2\/pages\/36\/revisions"}],"predecessor-version":[{"id":165,"href":"https:\/\/laboratoryofeducation.eu\/index.php\/wp-json\/wp\/v2\/pages\/36\/revisions\/165"}],"wp:attachment":[{"href":"https:\/\/laboratoryofeducation.eu\/index.php\/wp-json\/wp\/v2\/media?parent=36"}],"curies":[{"name":"wp","href":"https:\/\/api.w.org\/{rel}","templated":true}]}}